{"id":1942,"date":"2024-01-16T16:01:58","date_gmt":"2024-01-16T15:01:58","guid":{"rendered":"http:\/\/new.if-pan.krakow.pl\/institute\/institutional-animal-care-and-use-committee-iacuc\/contact-details\/"},"modified":"2024-06-09T14:59:26","modified_gmt":"2024-06-09T13:59:26","slug":"contact-details","status":"publish","type":"page","link":"https:\/\/new.if-pan.krakow.pl\/en\/institute\/institutional-animal-care-and-use-committee-iacuc\/contact-details\/","title":{"rendered":"Contact details"},"content":{"rendered":"\n<p>Address:<br\/>Institutional Animal Care and Use Committee of Institute of Pharmacology Polish Academy of Sciences in Krak\u00f3w <br\/>Sm\u0119tna 12, 31-343 Krak\u00f3w <\/p>\n\n<p>Office of the Local IACUC in Krak\u00f3w<br\/>Sylwia M\u0105dro<br\/>Email: <a href=\"http:\/\/lke2krakow@if-pan.krakow.pl\/\" target=\"_blank\" rel=\"noreferrer noopener\">lke2@if-pan.krakow.pl<\/a><br\/>Phone: (12) 6623290 during office hours. Weekly working schedule: Monday &#8211; 8.00 &#8211; 9.00 AM Wednesday &#8211; 4.00 &#8211; 7.00 PM Friday &#8211; 2.00 &#8211; 3.00 PM<\/p>\n","protected":false},"excerpt":{"rendered":"<p>Address:Institutional Animal Care and Use Committee of Institute of Pharmacology Polish Academy of Sciences in Krak\u00f3w Sm\u0119tna 12, 31-343 Krak\u00f3w Office of the Local IACUC in Krak\u00f3wSylwia M\u0105droEmail: lke2@if-pan.krakow.plPhone: (12) 6623290 during office hours. Weekly working schedule: Monday &#8211; 8.00 &#8211; 9.00 AM Wednesday &#8211; 4.00 &#8211; 7.00 PM Friday &#8211; 2.00 &#8211; 3.00 PM<\/p>\n","protected":false},"author":1,"featured_media":0,"parent":1940,"menu_order":54,"comment_status":"closed","ping_status":"closed","template":"","meta":{"footnotes":""},"class_list":["post-1942","page","type-page","status-publish","hentry"],"acf":[],"yoast_head":"<!-- This site is optimized with the Yoast SEO Premium plugin v21.4 (Yoast SEO v24.2) - https:\/\/yoast.com\/wordpress\/plugins\/seo\/ -->\n<title>Contact details - Instytut Farmakologii PAN<\/title>\n<meta name=\"robots\" content=\"noindex, follow, max-snippet:-1, max-image-preview:large, max-video-preview:-1\" \/>\n<meta property=\"og:locale\" content=\"en_US\" \/>\n<meta property=\"og:type\" content=\"article\" \/>\n<meta property=\"og:title\" content=\"Contact details\" \/>\n<meta property=\"og:description\" content=\"Address:Institutional Animal Care and Use Committee of Institute of Pharmacology Polish Academy of Sciences in Krak\u00f3w Sm\u0119tna 12, 31-343 Krak\u00f3w Office of the Local IACUC in Krak\u00f3wSylwia M\u0105droEmail: lke2@if-pan.krakow.plPhone: (12) 6623290 during office hours. Weekly working schedule: Monday &#8211; 8.00 &#8211; 9.00 AM Wednesday &#8211; 4.00 &#8211; 7.00 PM Friday &#8211; 2.00 &#8211; 3.00 PM\" \/>\n<meta property=\"og:url\" content=\"https:\/\/new.if-pan.krakow.pl\/instytut\/komisja-etyczna\/dane-kontaktowe\/\" \/>\n<meta property=\"og:site_name\" content=\"Instytut Farmakologii PAN\" \/>\n<meta property=\"article:modified_time\" content=\"2024-06-09T13:59:26+00:00\" \/>\n<meta name=\"twitter:card\" content=\"summary_large_image\" \/>\n<script type=\"application\/ld+json\" class=\"yoast-schema-graph\">{\"@context\":\"https:\/\/schema.org\",\"@graph\":[{\"@type\":\"WebPage\",\"@id\":\"https:\/\/new.if-pan.krakow.pl\/instytut\/komisja-etyczna\/dane-kontaktowe\/\",\"url\":\"https:\/\/new.if-pan.krakow.pl\/instytut\/komisja-etyczna\/dane-kontaktowe\/\",\"name\":\"Contact details - Instytut Farmakologii PAN\",\"isPartOf\":{\"@id\":\"https:\/\/new.if-pan.krakow.pl\/#website\"},\"datePublished\":\"2024-01-16T15:01:58+00:00\",\"dateModified\":\"2024-06-09T13:59:26+00:00\",\"breadcrumb\":{\"@id\":\"https:\/\/new.if-pan.krakow.pl\/instytut\/komisja-etyczna\/dane-kontaktowe\/#breadcrumb\"},\"inLanguage\":\"en-US\",\"potentialAction\":[{\"@type\":\"ReadAction\",\"target\":[\"https:\/\/new.if-pan.krakow.pl\/instytut\/komisja-etyczna\/dane-kontaktowe\/\"]}]},{\"@type\":\"BreadcrumbList\",\"@id\":\"https:\/\/new.if-pan.krakow.pl\/instytut\/komisja-etyczna\/dane-kontaktowe\/#breadcrumb\",\"itemListElement\":[{\"@type\":\"ListItem\",\"position\":1,\"name\":\"Home\",\"item\":\"https:\/\/new.if-pan.krakow.pl\/\"},{\"@type\":\"ListItem\",\"position\":2,\"name\":\"Institute\",\"item\":\"https:\/\/new.if-pan.krakow.pl\/instytut\/\"},{\"@type\":\"ListItem\",\"position\":3,\"name\":\"Institutional Animal Care and Use Committee (IACUC)\",\"item\":\"https:\/\/new.if-pan.krakow.pl\/instytut\/komisja-etyczna\/\"},{\"@type\":\"ListItem\",\"position\":4,\"name\":\"Contact details\"}]},{\"@type\":\"WebSite\",\"@id\":\"https:\/\/new.if-pan.krakow.pl\/#website\",\"url\":\"https:\/\/new.if-pan.krakow.pl\/\",\"name\":\"Instytut Farmakologii PAN\",\"description\":\"\",\"publisher\":{\"@id\":\"https:\/\/new.if-pan.krakow.pl\/#organization\"},\"potentialAction\":[{\"@type\":\"SearchAction\",\"target\":{\"@type\":\"EntryPoint\",\"urlTemplate\":\"https:\/\/new.if-pan.krakow.pl\/?s={search_term_string}\"},\"query-input\":{\"@type\":\"PropertyValueSpecification\",\"valueRequired\":true,\"valueName\":\"search_term_string\"}}],\"inLanguage\":\"en-US\"},{\"@type\":\"Organization\",\"@id\":\"https:\/\/new.if-pan.krakow.pl\/#organization\",\"name\":\"Instytut Farmakologii PAN\",\"url\":\"https:\/\/new.if-pan.krakow.pl\/\",\"logo\":{\"@type\":\"ImageObject\",\"inLanguage\":\"en-US\",\"@id\":\"https:\/\/new.if-pan.krakow.pl\/#\/schema\/logo\/image\/\",\"url\":\"https:\/\/new.if-pan.krakow.pl\/wp-content\/uploads\/2023\/09\/logo_ifpan.svg\",\"contentUrl\":\"https:\/\/new.if-pan.krakow.pl\/wp-content\/uploads\/2023\/09\/logo_ifpan.svg\",\"width\":539,\"height\":139,\"caption\":\"Instytut Farmakologii PAN\"},\"image\":{\"@id\":\"https:\/\/new.if-pan.krakow.pl\/#\/schema\/logo\/image\/\"}}]}<\/script>\n<!-- \/ Yoast SEO Premium plugin. -->","yoast_head_json":{"title":"Contact details - Instytut Farmakologii PAN","robots":{"index":"noindex","follow":"follow","max-snippet":"max-snippet:-1","max-image-preview":"max-image-preview:large","max-video-preview":"max-video-preview:-1"},"og_locale":"en_US","og_type":"article","og_title":"Contact details","og_description":"Address:Institutional Animal Care and Use Committee of Institute of Pharmacology Polish Academy of Sciences in Krak\u00f3w Sm\u0119tna 12, 31-343 Krak\u00f3w Office of the Local IACUC in Krak\u00f3wSylwia M\u0105droEmail: lke2@if-pan.krakow.plPhone: (12) 6623290 during office hours. Weekly working schedule: Monday &#8211; 8.00 &#8211; 9.00 AM Wednesday &#8211; 4.00 &#8211; 7.00 PM Friday &#8211; 2.00 &#8211; 3.00 PM","og_url":"https:\/\/new.if-pan.krakow.pl\/instytut\/komisja-etyczna\/dane-kontaktowe\/","og_site_name":"Instytut Farmakologii PAN","article_modified_time":"2024-06-09T13:59:26+00:00","twitter_card":"summary_large_image","schema":{"@context":"https:\/\/schema.org","@graph":[{"@type":"WebPage","@id":"https:\/\/new.if-pan.krakow.pl\/instytut\/komisja-etyczna\/dane-kontaktowe\/","url":"https:\/\/new.if-pan.krakow.pl\/instytut\/komisja-etyczna\/dane-kontaktowe\/","name":"Contact details - Instytut Farmakologii PAN","isPartOf":{"@id":"https:\/\/new.if-pan.krakow.pl\/#website"},"datePublished":"2024-01-16T15:01:58+00:00","dateModified":"2024-06-09T13:59:26+00:00","breadcrumb":{"@id":"https:\/\/new.if-pan.krakow.pl\/instytut\/komisja-etyczna\/dane-kontaktowe\/#breadcrumb"},"inLanguage":"en-US","potentialAction":[{"@type":"ReadAction","target":["https:\/\/new.if-pan.krakow.pl\/instytut\/komisja-etyczna\/dane-kontaktowe\/"]}]},{"@type":"BreadcrumbList","@id":"https:\/\/new.if-pan.krakow.pl\/instytut\/komisja-etyczna\/dane-kontaktowe\/#breadcrumb","itemListElement":[{"@type":"ListItem","position":1,"name":"Home","item":"https:\/\/new.if-pan.krakow.pl\/"},{"@type":"ListItem","position":2,"name":"Institute","item":"https:\/\/new.if-pan.krakow.pl\/instytut\/"},{"@type":"ListItem","position":3,"name":"Institutional Animal Care and Use Committee (IACUC)","item":"https:\/\/new.if-pan.krakow.pl\/instytut\/komisja-etyczna\/"},{"@type":"ListItem","position":4,"name":"Contact details"}]},{"@type":"WebSite","@id":"https:\/\/new.if-pan.krakow.pl\/#website","url":"https:\/\/new.if-pan.krakow.pl\/","name":"Instytut Farmakologii PAN","description":"","publisher":{"@id":"https:\/\/new.if-pan.krakow.pl\/#organization"},"potentialAction":[{"@type":"SearchAction","target":{"@type":"EntryPoint","urlTemplate":"https:\/\/new.if-pan.krakow.pl\/?s={search_term_string}"},"query-input":{"@type":"PropertyValueSpecification","valueRequired":true,"valueName":"search_term_string"}}],"inLanguage":"en-US"},{"@type":"Organization","@id":"https:\/\/new.if-pan.krakow.pl\/#organization","name":"Instytut Farmakologii PAN","url":"https:\/\/new.if-pan.krakow.pl\/","logo":{"@type":"ImageObject","inLanguage":"en-US","@id":"https:\/\/new.if-pan.krakow.pl\/#\/schema\/logo\/image\/","url":"https:\/\/new.if-pan.krakow.pl\/wp-content\/uploads\/2023\/09\/logo_ifpan.svg","contentUrl":"https:\/\/new.if-pan.krakow.pl\/wp-content\/uploads\/2023\/09\/logo_ifpan.svg","width":539,"height":139,"caption":"Instytut Farmakologii PAN"},"image":{"@id":"https:\/\/new.if-pan.krakow.pl\/#\/schema\/logo\/image\/"}}]}},"_links":{"self":[{"href":"https:\/\/new.if-pan.krakow.pl\/en\/wp-json\/wp\/v2\/pages\/1942","targetHints":{"allow":["GET"]}}],"collection":[{"href":"https:\/\/new.if-pan.krakow.pl\/en\/wp-json\/wp\/v2\/pages"}],"about":[{"href":"https:\/\/new.if-pan.krakow.pl\/en\/wp-json\/wp\/v2\/types\/page"}],"author":[{"embeddable":true,"href":"https:\/\/new.if-pan.krakow.pl\/en\/wp-json\/wp\/v2\/users\/1"}],"replies":[{"embeddable":true,"href":"https:\/\/new.if-pan.krakow.pl\/en\/wp-json\/wp\/v2\/comments?post=1942"}],"version-history":[{"count":1,"href":"https:\/\/new.if-pan.krakow.pl\/en\/wp-json\/wp\/v2\/pages\/1942\/revisions"}],"predecessor-version":[{"id":1943,"href":"https:\/\/new.if-pan.krakow.pl\/en\/wp-json\/wp\/v2\/pages\/1942\/revisions\/1943"}],"up":[{"embeddable":true,"href":"https:\/\/new.if-pan.krakow.pl\/en\/wp-json\/wp\/v2\/pages\/1940"}],"wp:attachment":[{"href":"https:\/\/new.if-pan.krakow.pl\/en\/wp-json\/wp\/v2\/media?parent=1942"}],"curies":[{"name":"wp","href":"https:\/\/api.w.org\/{rel}","templated":true}]}}